{"id":10,"date":"2019-08-04T16:40:01","date_gmt":"2019-08-04T14:40:01","guid":{"rendered":"http:\/\/cukinia.asoft.pl\/?page_id=10"},"modified":"2019-09-23T12:23:19","modified_gmt":"2019-09-23T10:23:19","slug":"kontakt","status":"publish","type":"page","link":"http:\/\/cukinia.asoft.pl\/index.php\/kontakt\/","title":{"rendered":"Kontakt"},"content":{"rendered":"<p>Zapraszamy w sobot\u0119 na &#8222;M\u00f3j Rynek&#8221; w Wi\u0105zownie.<\/p>\n\n\n<figure class=\"wp-block-image\"><img decoding=\"async\" loading=\"lazy\" width=\"1008\" height=\"756\" src=\"http:\/\/cukinia.asoft.pl\/wp-content\/uploads\/2019\/08\/20190804_111032_resized.jpg\" alt=\"\" class=\"wp-image-42\" srcset=\"http:\/\/cukinia.asoft.pl\/wp-content\/uploads\/2019\/08\/20190804_111032_resized.jpg 1008w, http:\/\/cukinia.asoft.pl\/wp-content\/uploads\/2019\/08\/20190804_111032_resized-300x225.jpg 300w, http:\/\/cukinia.asoft.pl\/wp-content\/uploads\/2019\/08\/20190804_111032_resized-768x576.jpg 768w\" sizes=\"(max-width: 1008px) 100vw, 1008px\" \/><\/figure>\n\n\n\n<p> Do tego czasu kontakt email: andrzej@cukinia.asoft.pl lub telefon 607 698 850 <\/p>\n","protected":false},"excerpt":{"rendered":"<p>Zapraszamy w sobot\u0119 na &#8222;M\u00f3j Rynek&#8221; w Wi\u0105zownie. Do tego czasu kontakt email: andrzej@cukinia.asoft.pl lub telefon 607 698 850<\/p>\n","protected":false},"author":1,"featured_media":82,"parent":0,"menu_order":0,"comment_status":"closed","ping_status":"closed","template":"","meta":[],"_links":{"self":[{"href":"http:\/\/cukinia.asoft.pl\/index.php\/wp-json\/wp\/v2\/pages\/10"}],"collection":[{"href":"http:\/\/cukinia.asoft.pl\/index.php\/wp-json\/wp\/v2\/pages"}],"about":[{"href":"http:\/\/cukinia.asoft.pl\/index.php\/wp-json\/wp\/v2\/types\/page"}],"author":[{"embeddable":true,"href":"http:\/\/cukinia.asoft.pl\/index.php\/wp-json\/wp\/v2\/users\/1"}],"replies":[{"embeddable":true,"href":"http:\/\/cukinia.asoft.pl\/index.php\/wp-json\/wp\/v2\/comments?post=10"}],"version-history":[{"count":4,"href":"http:\/\/cukinia.asoft.pl\/index.php\/wp-json\/wp\/v2\/pages\/10\/revisions"}],"predecessor-version":[{"id":150,"href":"http:\/\/cukinia.asoft.pl\/index.php\/wp-json\/wp\/v2\/pages\/10\/revisions\/150"}],"wp:featuredmedia":[{"embeddable":true,"href":"http:\/\/cukinia.asoft.pl\/index.php\/wp-json\/wp\/v2\/media\/82"}],"wp:attachment":[{"href":"http:\/\/cukinia.asoft.pl\/index.php\/wp-json\/wp\/v2\/media?parent=10"}],"curies":[{"name":"wp","href":"https:\/\/api.w.org\/{rel}","templated":true}]}}